{"id":3,"date":"2025-01-07T08:31:45","date_gmt":"2025-01-07T08:31:45","guid":{"rendered":"https:\/\/demo.capitolare.com\/?page_id=3"},"modified":"2025-06-05T09:35:16","modified_gmt":"2025-06-05T09:35:16","slug":"datenschutzbestimmungen","status":"publish","type":"page","link":"https:\/\/capitolare.com\/de\/privacy-policy\/","title":{"rendered":"Datenschutzbestimmungen"},"content":{"rendered":"<div data-elementor-type=\"wp-page\" data-elementor-id=\"3\" class=\"elementor elementor-3\" data-elementor-post-type=\"page\">\n\t\t\t\t<div class=\"elementor-element elementor-element-1f774ee e-flex e-con-boxed e-con e-parent\" data-id=\"1f774ee\" data-element_type=\"container\">\n\t\t\t\t\t<div class=\"e-con-inner\">\n\t\t<div class=\"elementor-element elementor-element-d55a983 e-con-full e-flex e-con e-child\" data-id=\"d55a983\" data-element_type=\"container\">\n\t\t\t\t<div class=\"elementor-element elementor-element-2989821 elementor-widget elementor-widget-heading\" data-id=\"2989821\" data-element_type=\"widget\" data-widget_type=\"heading.default\">\n\t\t\t\t<div class=\"elementor-widget-container\">\n\t\t\t\t\t<h1 class=\"elementor-heading-title elementor-size-default\">Datenschutzbestimmungen<\/h1>\t\t\t\t<\/div>\n\t\t\t\t<\/div>\n\t\t\t\t<div class=\"elementor-element elementor-element-a6c9eaf elementor-widget elementor-widget-text-editor\" data-id=\"a6c9eaf\" data-element_type=\"widget\" data-widget_type=\"text-editor.default\">\n\t\t\t\t<div class=\"elementor-widget-container\">\n\t\t\t\t\t\t\t\t\t<p><strong>Datenschutzbestimmungen<\/strong><br \/>In \u00dcbereinstimmung mit den Verpflichtungen, die sich aus der nationalen Gesetzgebung (Gesetzesdekret Nr. 196 vom 30. Juni 2003, Datenschutzgesetz) und der Gemeinschaftsgesetzgebung (Europ\u00e4ische Datenschutzverordnung Nr. 679\/2016, GDPR) und den nachfolgenden \u00c4nderungen ergeben, respektiert und sch\u00fctzt diese Website die Privatsph\u00e4re der Besucher und Nutzer und unternimmt alle m\u00f6glichen und angemessenen Anstrengungen, um die Rechte der Nutzer nicht zu verletzen.<\/p><p>Diese Datenschutzrichtlinie gilt ausschlie\u00dflich f\u00fcr die Online-Aktivit\u00e4ten dieser Website und ist f\u00fcr Besucher\/Nutzer der Website g\u00fcltig. Sie gilt nicht f\u00fcr Informationen, die \u00fcber andere Kan\u00e4le als diese Website gesammelt werden k\u00f6nnen.<\/p><p>Der Zweck der Datenschutzpolitik ist es, ein H\u00f6chstma\u00df an Transparenz hinsichtlich der von der Website gesammelten Informationen und deren Verwendung zu gew\u00e4hrleisten.<\/p><p><strong>Rechtsgrundlage f\u00fcr die Verarbeitung<\/strong><br \/>Diese Website verarbeitet Daten auf der Grundlage der Zustimmung. Durch die Nutzung oder Konsultation dieser Website stimmen die Besucher und Nutzer dieser Datenschutzerkl\u00e4rung ausdr\u00fccklich zu und erkl\u00e4ren sich mit der Verarbeitung ihrer personenbezogenen Daten in der nachstehend beschriebenen Weise und zu den nachstehend beschriebenen Zwecken einverstanden, einschlie\u00dflich der m\u00f6glichen Weitergabe an Dritte, wenn dies f\u00fcr die Erbringung einer Dienstleistung erforderlich ist.<br \/>Die Angabe von Daten und damit die Einwilligung in die Erhebung und Verarbeitung von Daten ist freiwillig, der Nutzer kann die Einwilligung verweigern und eine bereits erteilte Einwilligung jederzeit widerrufen (per E-Mail <strong>info@capitolare.com<\/strong>). Die Verweigerung der Zustimmung kann jedoch dazu f\u00fchren, dass bestimmte Dienstleistungen nicht erbracht werden k\u00f6nnen und Ihr Surferlebnis auf der Website beeintr\u00e4chtigt wird.<br \/>Ab dem 25. Mai 2018 (dem Datum des Inkrafttretens der DSGVO) wird diese Website einige der Daten auf der Grundlage der berechtigten Interessen des f\u00fcr die Verarbeitung Verantwortlichen verarbeiten.<\/p><p><strong>Erhobene Daten und Zweck<\/strong><br \/>Wie alle Websites verwendet auch diese Website Protokolldateien, in denen Informationen gespeichert werden, die w\u00e4hrend der Besuche der Benutzer automatisch erfasst werden. Bei den gesammelten Informationen kann es sich um die folgenden handeln:<\/p><ul><li>Internet-Protokoll-Adresse (IP);<\/li><li>Art des Browsers und Parameter des Ger\u00e4ts, das f\u00fcr die Verbindung mit der Website verwendet wird;<\/li><li>Name des Internetdienstanbieters (ISP);<\/li><li>Datum und Uhrzeit des Besuchs;<\/li><li>Herkunftsseite (Verweis) und Ausgangsseite des Besuchers;<\/li><li>Herkunftsland;<\/li><li>M\u00f6glicherweise die Anzahl der Klicks.<\/li><\/ul><p><strong>Die Daten und Informationen werden zu folgenden Zwecken erhoben:<\/strong><\/p><ul><li>In einer ausschlie\u00dflich aggregierten und anonymen Form, um das ordnungsgem\u00e4\u00dfe Funktionieren der Website zu \u00fcberpr\u00fcfen. Keine dieser Informationen steht im Zusammenhang mit der physischen Person, die die Website nutzt, und erm\u00f6glicht in keiner Weise deren Identifizierung (ab dem 25. Mai 2018 werden diese Informationen gem\u00e4\u00df den berechtigten Interessen des Eigent\u00fcmers verarbeitet);<\/li><li>Zu Sicherheitszwecken (Anti-Spam-Filter, Firewalls, Virenerkennung) k\u00f6nnen die automatisch erfassten Daten m\u00f6glicherweise auch personenbezogene Daten wie die IP-Adresse enthalten, die in \u00dcbereinstimmung mit den geltenden Gesetzen verwendet werden k\u00f6nnten, um Versuche zu unterbinden, die Website selbst zu besch\u00e4digen oder anderen Nutzern Schaden zuzuf\u00fcgen, oder in jedem Fall sch\u00e4dliche oder kriminelle Aktivit\u00e4ten. Diese Daten werden weder zur Identifizierung der Nutzer noch zur Erstellung von Profilen verwendet, noch mit anderen Daten abgeglichen oder an Dritte weitergegeben, sondern ausschlie\u00dflich zum Schutz der Website und ihrer Nutzer verwendet (ab dem 25. Mai 2018 werden diese Informationen gem\u00e4\u00df den berechtigten Interessen des Eigent\u00fcmers verarbeitet);<\/li><li>\u00dcbermittlung von Daten an Dritte, die Funktionen ausf\u00fchren, die f\u00fcr den Betrieb des Dienstes notwendig oder hilfreich sind, wie z. B. die Verwaltung von Kommentaren auf der Website.<\/li><\/ul><p>Wenn auf der Website die M\u00f6glichkeit besteht, Kommentare abzugeben, oder im Falle spezifischer, vom Nutzer angeforderter Dienstleistungen (\u00fcber die Rubrik \"Kontakt\"), erkennt und speichert die Website automatisch bestimmte Daten zur Identifizierung des Nutzers, einschlie\u00dflich der E-Mail-Adresse und des Spitznamens des Nutzers. Es wird davon ausgegangen, dass diese Daten vom Nutzer bei der Erbringung der Dienstleistung freiwillig zur Verf\u00fcgung gestellt werden, und sie werden auf der Grundlage der Zustimmung verarbeitet. Durch die Eingabe eines Kommentars oder anderer Informationen akzeptiert der Nutzer ausdr\u00fccklich die Datenschutzpolitik und stimmt insbesondere zu, dass die eingegebenen Inhalte von anderen Besuchern frei eingesehen werden k\u00f6nnen.<\/p><p>Die erhaltenen Daten werden ausschlie\u00dflich f\u00fcr die Erbringung der angeforderten Dienstleistung und nur f\u00fcr den Zeitraum verwendet, der f\u00fcr die Erbringung der Dienstleistung erforderlich ist. Die Informationen, die die Nutzer der Website \u00fcber die ihnen zur Verf\u00fcgung gestellten Dienste und Tools ver\u00f6ffentlichen, werden vom Nutzer wissentlich und freiwillig zur Verf\u00fcgung gestellt, wodurch diese Website von jeglicher Haftung f\u00fcr Gesetzesverst\u00f6\u00dfe befreit wird. Es obliegt dem Nutzer zu \u00fcberpr\u00fcfen, ob er die Berechtigung hat, pers\u00f6nliche Daten Dritter oder durch nationale und internationale Vorschriften gesch\u00fctzte Inhalte einzugeben.<\/p><p>Die von der Website w\u00e4hrend ihres Betriebs gesammelten Daten werden ausschlie\u00dflich f\u00fcr die oben genannten Zwecke verwendet und nur so lange aufbewahrt, wie es f\u00fcr die Durchf\u00fchrung der angegebenen T\u00e4tigkeiten unbedingt erforderlich ist. In jedem Fall werden die von der Website erfassten personenbezogenen Daten niemals an Dritte weitergegeben, aus welchem Grund auch immer, es sei denn, es handelt sich um eine rechtm\u00e4\u00dfige Anfrage einer Justizbeh\u00f6rde und nur in den gesetzlich vorgesehenen F\u00e4llen. Die Daten k\u00f6nnen jedoch an Dritte weitergegeben werden, wenn dies f\u00fcr die Erbringung einer vom Nutzer angeforderten spezifischen Dienstleistung (z. B. Verwaltung von Kommentaren) oder f\u00fcr die Durchf\u00fchrung von Sicherheitskontrollen oder die Optimierung der Website erforderlich ist. Die Daten k\u00f6nnen auf der Website und insbesondere auf den Seiten f\u00fcr Angebote gesammelt werden und werden gem\u00e4\u00df den im folgenden Dokument angegebenen Modalit\u00e4ten verarbeitet, um die Dienstleistungen zu erbringen und\/oder auf die eingegangenen Anfragen zu antworten. Im Falle eines positiven und\/oder negativen Verhandlungsabschlusses werden die erhobenen Daten vernichtet und auf keinen Fall an Dritte weitergegeben.<\/p><p><strong>Ort der Verarbeitung<\/strong><br \/>Die auf der Website erhobenen Daten werden in den R\u00e4umlichkeiten des f\u00fcr die Datenverarbeitung Verantwortlichen und in der folgenden Adresse verarbeitet: <strong>Capitolare S.R.L. - Via Francesco Rastelli 3 20124 Mailand. MWST. IT10874730962 - 011022-CAV-0007<\/strong> die f\u00fcr die Verarbeitung der Daten verantwortlich ist, die Daten im Auftrag des Eigent\u00fcmers verarbeitet, im Europ\u00e4ischen Wirtschaftsraum ans\u00e4ssig ist und nach europ\u00e4ischen Standards handelt.<\/p><p><strong>Cookies<\/strong><br \/>Wie auf allen Websites \u00fcblich, verwendet auch diese Website Cookies, kleine Textdateien, in denen Informationen \u00fcber die Pr\u00e4ferenzen der Besucher gespeichert werden, um die Funktionalit\u00e4t der Website zu verbessern, die Navigation durch Automatisierung von Vorg\u00e4ngen zu vereinfachen (z. B. Anmeldung, Sprache der Website) und die Nutzung der Website zu analysieren.<\/p><p>Sitzungscookies sind unerl\u00e4sslich, um zwischen angemeldeten Benutzern zu unterscheiden, und sind n\u00fctzlich, um zu verhindern, dass eine angeforderte Funktion dem falschen Benutzer zur Verf\u00fcgung gestellt wird, sowie f\u00fcr Sicherheitszwecke, um Cyberangriffe auf die Website zu verhindern. Sitzungscookies enthalten keine personenbezogenen Daten und bleiben nur f\u00fcr die aktuelle Sitzung bestehen, d. h. bis der Browser geschlossen wird. F\u00fcr sie ist keine Zustimmung erforderlich.<\/p><p>Die von der Website verwendeten Funktionalit\u00e4ts-Cookies sind f\u00fcr die Nutzung der Website unbedingt erforderlich, insbesondere sind sie mit einer ausdr\u00fccklichen Anforderung einer Funktion durch den Nutzer verbunden (z. B. Login), f\u00fcr die keine Zustimmung erforderlich ist.<\/p><p>Durch die Nutzung der Website, die Fortsetzung der Navigation auf der Website oder das Anklicken des Banners beim ersten Zugriff auf die Website erkl\u00e4rt sich der Besucher ausdr\u00fccklich mit der Verwendung von Cookies und \u00e4hnlichen Technologien einverstanden, insbesondere mit der Speicherung dieser Cookies auf seinem Endger\u00e4t zu den oben genannten Zwecken oder mit dem Zugriff auf die Informationen auf seinem Endger\u00e4t \u00fcber Cookies.<\/p><p>Liste der Cookies auf der Website:<\/p><ul><li>Name: '_ga' (Analytik);<\/li><li>name: '_gat_gtag (Analytik);<\/li><li>Name: '_gid' (Analytik).<\/li><\/ul><p><strong>Deaktivieren von Cookies<\/strong><br \/>Cookies sind mit dem verwendeten Browser verkn\u00fcpft und k\u00f6nnen direkt \u00fcber den Browser deaktiviert werden, wodurch die Zustimmung zur Verwendung von Cookies verweigert\/widerrufen wird. Bitte beachten Sie, dass die Deaktivierung von Cookies die korrekte Nutzung einiger Funktionen der Website selbst verhindern kann. Anweisungen zur Deaktivierung von Cookies finden Sie auf den folgenden Webseiten: Mozilla Firefox - Microsoft Internet Explorer - Microsoft Edge - Google Chrome - Opera - Apple Safari.<\/p><p><strong>Cookies von Dritten<\/strong><br \/>Diese Website fungiert auch als Vermittler f\u00fcr Cookies von Drittanbietern, die verwendet werden, um den Besuchern zus\u00e4tzliche Dienste und Funktionen anzubieten und die Nutzung der Website selbst zu verbessern, wie z. B. soziale Schaltfl\u00e4chen. Diese Datenschutzrichtlinie gilt nicht f\u00fcr Dienste, die von Dritten bereitgestellt werden, und diese Website hat keine Kontrolle \u00fcber deren Cookies, die vollst\u00e4ndig von den Dritten verwaltet werden, und hat keinen Zugriff auf die Informationen, die durch diese Cookies gesammelt werden. Die Vereinbarung \u00fcber die Daten\u00fcbertragung wird direkt zwischen dem Benutzer\/Besucher und dem Dritten getroffen, und diese Website ist in keiner Weise an dieser \u00dcbertragung beteiligt. Folglich werden Informationen \u00fcber die Verwendung der besagten Cookies und ihre Zwecke sowie \u00fcber ihre Deaktivierung direkt von den Drittanbietern auf den unten angegebenen Seiten bereitgestellt.<\/p><p>Diese Website verwendet insbesondere Cookies von den folgenden Dritten:<\/p><ul><li>Google (Google-Analytics-Cookie): Google Analytics ist ein Analysetool von Google, das Cookies (Performance-Cookies) verwendet, um anonyme Navigationsdaten (gek\u00fcrzt auf das letzte Oktett) zu sammeln, um Ihre Nutzung der Website auszuwerten, um Berichte \u00fcber die Website-Aktivit\u00e4ten f\u00fcr Website-Betreiber zusammenzustellen und um weitere Informationen, einschlie\u00dflich Besucherzahlen und Seitenaufrufe, bereitzustellen. Auch wird Google diese Informationen gegebenenfalls an Dritte \u00fcbertragen, sofern dies gesetzlich vorgeschrieben oder soweit Dritte diese Daten im Auftrag von Google verarbeiten. Google wird die IP-Adresse nicht mit anderen von Google gespeicherten Daten in Verbindung bringen. Die an Google \u00fcbermittelten Daten werden auf Servern von Google in den USA gespeichert. Auf der Grundlage einer besonderen Vereinbarung mit Google, das als der f\u00fcr die Datenverarbeitung Verantwortliche der Nutzer bezeichnet wird, verpflichtet sich Google, die Daten gem\u00e4\u00df den Anforderungen des f\u00fcr die Datenverarbeitung Verantwortlichen zu verarbeiten, die direkt \u00fcber die Softwareeinstellungen vorgenommen werden. Gem\u00e4\u00df diesen Einstellungen sind die Optionen f\u00fcr Werbung und Datenaustausch deaktiviert. Weitere Informationen zu Google Analytics-Cookies finden Sie auf der Seite Google Analytics Cookie-Nutzung auf Websites. Nutzer k\u00f6nnen die Erfassung von Daten durch Google Analytics selektiv deaktivieren (Opt-Out), indem sie die entsprechende von Google bereitgestellte Komponente in ihrem Browser installieren;<\/li><li>Google (Youtube-Cookies). Youtube ist eine von Google betriebene Plattform zur gemeinsamen Nutzung von Videos, die Cookies verwendet, um Informationen von Nutzern und Browsing-Ger\u00e4ten zu sammeln. Die meisten Videos auf der Website enthalten keine Cookies, wenn die Seite aufgerufen wird, da die Option \"Verbesserter Datenschutz (keine Cookies)\" so eingestellt ist, dass Youtube keine Informationen \u00fcber Besucher speichert, es sei denn, sie spielen das Video freiwillig ab.<\/li><\/ul><p>F\u00fcr weitere Informationen \u00fcber die Verwendung von Daten und deren Verarbeitung durch Google empfehlen wir Ihnen, die Informationen auf der von Google eingerichteten Seite sowie die Seite und die Seite \u00fcber die Verwendung von Daten durch Google bei der Nutzung von Partner-Websites oder Apps zu lesen.<\/p><p><strong>Soziale Netzwerke und APP-Plugins<\/strong><br \/>Diese Website enth\u00e4lt auch Plugins und\/oder Schaltfl\u00e4chen f\u00fcr soziale Netzwerke, um das einfache Teilen von Inhalten in Ihren bevorzugten sozialen Netzwerken zu erm\u00f6glichen. Diese Plugins sind so programmiert, dass keine Cookies gesetzt werden, wenn Sie die Seite aufrufen, um Ihre Privatsph\u00e4re zu sch\u00fctzen. Cookies werden nur dann gesetzt, wenn dies von den sozialen Netzwerken vorgesehen ist, wenn der Nutzer das Plugin tats\u00e4chlich und freiwillig verwendet. Bitte beachten Sie, dass, wenn der Nutzer navigiert, w\u00e4hrend er bei dem sozialen Netzwerk angemeldet ist, er der Verwendung von Cookies, die \u00fcber diese Seite \u00fcbermittelt werden, bereits bei der Anmeldung bei dem sozialen Netzwerk zugestimmt hat.<br \/>Die Sammlung und Verwendung von Informationen, die durch das Plugin erhalten werden, unterliegt den jeweiligen Datenschutzrichtlinien der sozialen Netzwerke, die Sie bitte einsehen.<\/p><ul><li>Facebook;<\/li><li>Twitter;<\/li><li>LinkedIn;<\/li><li>Google+;<\/li><li>Paypal<\/li><\/ul><p><strong>\u00dcbermittlung von Daten an Nicht-EU-L\u00e4nder<\/strong><br \/>Diese Website kann einige der gesammelten Daten mit Diensten au\u00dferhalb der Europ\u00e4ischen Union teilen. Insbesondere mit Google, Facebook und Microsoft (LinkedIn) \u00fcber soziale Plug-ins und den Dienst Google Analytics. Die \u00dcbermittlung wird durch spezifische Beschl\u00fcsse der Europ\u00e4ischen Union und der italienischen Datenschutzbeh\u00f6rde genehmigt, insbesondere durch den Beschluss 1250\/2016 (Privacy Shield - siehe Informationsseite der italienischen Datenschutzbeh\u00f6rde), sodass keine weitere Zustimmung erforderlich ist. Die oben genannten Unternehmen garantieren die Einhaltung des Privacy Shields.<\/p><p><strong>Sicherheitsma\u00dfnahmen<\/strong><br \/>Diese Website verarbeitet die Daten der Nutzer auf rechtm\u00e4\u00dfige und korrekte Weise und ergreift geeignete Sicherheitsma\u00dfnahmen, um den unbefugten Zugriff, die Weitergabe, die \u00c4nderung oder die Zerst\u00f6rung der Daten zu verhindern. Die Verarbeitung erfolgt mit Hilfe von Informatik- und\/oder Telematikinstrumenten, wobei die organisatorischen und logischen Verfahren streng an die angegebenen Zwecke gebunden sind. Insbesondere die Software zur Verwaltung der Website wird st\u00e4ndig aktualisiert und regelm\u00e4\u00dfig auf Viren und gef\u00e4hrliche Codes \u00fcberpr\u00fcft.<br \/>Neben dem Eigent\u00fcmer k\u00f6nnen in einigen F\u00e4llen auch Kategorien von Personen, die an der Organisation der Website beteiligt sind (Verwaltungs-, Handels-, Marketing-, Rechts- und Systemadministratoren), oder externe Parteien (z. B. dritte technische Dienstleister, Postkuriere, Hosting-Anbieter, IT-Unternehmen, Kommunikationsagenturen) Zugang zu den Daten haben.<\/p><p><strong>Benutzerrechte<\/strong><br \/>Gem\u00e4\u00df der europ\u00e4ischen Verordnung 679\/2016 (GDPR) und Artikel 7 des Gesetzesdekrets Nr. 196 vom 30. Juni 2003 <a href=\"http:\/\/www.garanteprivacy.it\/web\/guest\/home\/docweb\/-\/docweb-display\/docweb\/1311248\" rel=\"nofollow noopener\" target=\"_blank\">http:\/\/www.garanteprivacy.it\/web\/guest\/home\/docweb\/-\/docweb-display\/docw...<\/a> kann der Nutzer in der Art und Weise und innerhalb der Grenzen, die das geltende Recht vorsieht, die folgenden Rechte aus\u00fcben:<\/p><ul><li>der Verarbeitung personenbezogener Daten, die sie betreffen, aus legitimen Gr\u00fcnden ganz oder teilweise zu widersprechen, wenn diese Verarbeitung zum Zwecke des Versands von Werbematerial oder des Direktverkaufs, zur Marktforschung oder zur Handelsinformation erfolgt;<\/li><li>eine Best\u00e4tigung der Existenz der ihn betreffenden personenbezogenen Daten zu verlangen (Auskunftsrecht);<\/li><li>Kenne seine Herkunft;<\/li><li>Empfangen Sie verst\u00e4ndliche Kommunikation;<\/li><li>\u00fcber die Logik, die Methoden und die Zwecke der Verarbeitung informiert zu werden;<\/li><li>die Aktualisierung, die Berichtigung, die Erg\u00e4nzung, die L\u00f6schung, die Umwandlung in anonyme Form und die Sperrung von Daten zu verlangen, die unter Verletzung des Gesetzes verarbeitet wurden, einschlie\u00dflich der Daten, die f\u00fcr die Zwecke, f\u00fcr die sie erhoben wurden, nicht mehr erforderlich sind;<\/li><li>Im Falle einer zustimmungspflichtigen Verarbeitung erhalten Sie auf eigene Kosten Ihre Daten, die Sie dem f\u00fcr die Verarbeitung Verantwortlichen zur Verf\u00fcgung gestellt haben, in strukturierter, maschinenlesbarer Form und in einem Format, das \u00fcblicherweise von einem elektronischen Ger\u00e4t verwendet wird;<\/li><li>Das Recht, eine Beschwerde bei der Aufsichtsbeh\u00f6rde einzureichen;<\/li><li>sowie ganz allgemein die Aus\u00fcbung aller Rechte, die ihm nach den geltenden Rechtsvorschriften zustehen.<\/li><\/ul><p>Werden Daten auf der Grundlage berechtigter Interessen verarbeitet, so sind die Rechte der betroffenen Person auf Datenverarbeitung dennoch gew\u00e4hrleistet (mit Ausnahme des Rechts auf \u00dcbertragbarkeit, das in den Vorschriften nicht vorgesehen ist), insbesondere das Recht auf Widerspruch gegen die Verarbeitung, das durch einen Antrag an den f\u00fcr die Verarbeitung Verantwortlichen ausge\u00fcbt werden kann.<\/p><p>Die Antr\u00e4ge sind an den f\u00fcr die Verarbeitung Verantwortlichen zu richten.<\/p><p><strong>Verantwortlicher f\u00fcr die Datenverarbeitung<\/strong><br \/>Der f\u00fcr die Datenverarbeitung Verantwortliche im Sinne der geltenden Gesetze ist der Administrator der Website: <strong>Capitolare S.R.L. - Via Francesco Rastelli 3 20124 Mailand. MWST. IT10874730962 - 011022-CAV-0007<\/strong><\/p><p><strong>Datenverarbeiter<\/strong><br \/><strong>Capitolare S.R.L. - Via Francesco Rastelli 3 20124 Mailand. MWST. IT10874730962 - 011022-CAV-0007\u00a0<\/strong> ist als f\u00fcr die Verarbeitung Verantwortlicher benannt und verarbeitet Daten im Auftrag des f\u00fcr die Verarbeitung Verantwortlichen. LivelloUno hat seinen Sitz im Europ\u00e4ischen Wirtschaftsraum und handelt in \u00dcbereinstimmung mit den europ\u00e4ischen Standards. Google ist als f\u00fcr die Verarbeitung Verantwortlicher benannt, der die Daten im Auftrag des Eigent\u00fcmers verarbeitet (Google Analytics).<\/p><p><strong>Aktualisierungen<\/strong><br \/>Diese Datenschutzrichtlinie wurde am 05. Mai 2018 aktualisiert.<\/p>\t\t\t\t\t\t\t\t<\/div>\n\t\t\t\t<\/div>\n\t\t\t\t<\/div>\n\t\t\t\t\t<\/div>\n\t\t\t\t<\/div>\n\t\t\t\t<\/div>","protected":false},"excerpt":{"rendered":"<p>Privacy Policy Informativa PrivacyIn ottemperanza degli obblighi derivanti dalla normativa nazionale (D. Lgs 30 giugno 2003 n. 196, Codice in [&hellip;]<\/p>\n","protected":false},"author":1,"featured_media":0,"parent":0,"menu_order":0,"comment_status":"closed","ping_status":"open","template":"elementor_header_footer","meta":{"_acf_changed":false,"site-sidebar-layout":"no-sidebar","site-content-layout":"","ast-site-content-layout":"full-width-container","site-content-style":"default","site-sidebar-style":"default","ast-global-header-display":"","ast-banner-title-visibility":"","ast-main-header-display":"","ast-hfb-above-header-display":"","ast-hfb-below-header-display":"","ast-hfb-mobile-header-display":"","site-post-title":"disabled","ast-breadcrumbs-content":"","ast-featured-img":"disabled","footer-sml-layout":"","theme-transparent-header-meta":"default","adv-header-id-meta":"","stick-header-meta":"","header-above-stick-meta":"","header-main-stick-meta":"","header-below-stick-meta":"","astra-migrate-meta-layouts":"set","ast-page-background-enabled":"default","ast-page-background-meta":{"desktop":{"background-color":"var(--ast-global-color-5)","background-image":"","background-repeat":"repeat","background-position":"center center","background-size":"auto","background-attachment":"scroll","background-type":"","background-media":"","overlay-type":"","overlay-color":"","overlay-opacity":"","overlay-gradient":""},"tablet":{"background-color":"","background-image":"","background-repeat":"repeat","background-position":"center center","background-size":"auto","background-attachment":"scroll","background-type":"","background-media":"","overlay-type":"","overlay-color":"","overlay-opacity":"","overlay-gradient":""},"mobile":{"background-color":"","background-image":"","background-repeat":"repeat","background-position":"center center","background-size":"auto","background-attachment":"scroll","background-type":"","background-media":"","overlay-type":"","overlay-color":"","overlay-opacity":"","overlay-gradient":""}},"ast-content-background-meta":{"desktop":{"background-color":"var(--ast-global-color-4)","background-image":"","background-repeat":"repeat","background-position":"center center","background-size":"auto","background-attachment":"scroll","background-type":"","background-media":"","overlay-type":"","overlay-color":"","overlay-opacity":"","overlay-gradient":""},"tablet":{"background-color":"var(--ast-global-color-4)","background-image":"","background-repeat":"repeat","background-position":"center center","background-size":"auto","background-attachment":"scroll","background-type":"","background-media":"","overlay-type":"","overlay-color":"","overlay-opacity":"","overlay-gradient":""},"mobile":{"background-color":"var(--ast-global-color-4)","background-image":"","background-repeat":"repeat","background-position":"center center","background-size":"auto","background-attachment":"scroll","background-type":"","background-media":"","overlay-type":"","overlay-color":"","overlay-opacity":"","overlay-gradient":""}},"footnotes":""},"class_list":["post-3","page","type-page","status-publish","hentry"],"acf":[],"_links":{"self":[{"href":"https:\/\/capitolare.com\/de\/wp-json\/wp\/v2\/pages\/3","targetHints":{"allow":["GET"]}}],"collection":[{"href":"https:\/\/capitolare.com\/de\/wp-json\/wp\/v2\/pages"}],"about":[{"href":"https:\/\/capitolare.com\/de\/wp-json\/wp\/v2\/types\/page"}],"author":[{"embeddable":true,"href":"https:\/\/capitolare.com\/de\/wp-json\/wp\/v2\/users\/1"}],"replies":[{"embeddable":true,"href":"https:\/\/capitolare.com\/de\/wp-json\/wp\/v2\/comments?post=3"}],"version-history":[{"count":0,"href":"https:\/\/capitolare.com\/de\/wp-json\/wp\/v2\/pages\/3\/revisions"}],"wp:attachment":[{"href":"https:\/\/capitolare.com\/de\/wp-json\/wp\/v2\/media?parent=3"}],"curies":[{"name":"wp","href":"https:\/\/api.w.org\/{rel}","templated":true}]}}