{"id":6999,"date":"2025-06-03T08:32:46","date_gmt":"2025-06-03T08:32:46","guid":{"rendered":"https:\/\/capitolare.com\/?post_type=product&#038;p=6999"},"modified":"2025-08-13T08:58:56","modified_gmt":"2025-08-13T08:58:56","slug":"funf-lander-bootstour","status":"publish","type":"product","link":"https:\/\/capitolare.com\/de\/attivita\/tour-delle-cinque-terre-in-barca\/","title":{"rendered":"Bootstouren nach Cinque Terre &amp; Portofino ab Portovenere"},"content":{"rendered":"<h1>Cinque Terre &amp; Portofino Bootstour ab Portovenere<\/h1>\n<p class=\"p3\">M\u00f6chten Sie wirklich die K\u00fcste von Portovenere und die Cinque Terre sehen? Dann tun Sie es vom Meer aus. Wir geh\u00f6ren zu den wenigen Booten, die im Meeresschutzgebiet fahren d\u00fcrfen: keine Menschenmassen, ruhige Buchten, Ecken und Winkel, die man vom Land aus nicht besuchen kann. Das ist das <span class=\"s2\"><b>Bootstouren in den Cinque Terre<\/b><\/span> wie es sein sollte.<\/p>\n<p class=\"p1\">\n<h2><b>Wir bieten<\/b><\/h2>\n<ul>\n<li>\n<p class=\"p1\"><span class=\"s1\"><b>Lokale Schiffer<\/b><\/span> die Englisch sprechen und <span class=\"s1\"><b>Boote, die in die Parks der Cinque Terre und Portofino einfahren d\u00fcrfen<\/b><\/span> (6-12 m): bequem, sicher, ideal f\u00fcr Paare oder kleine Gruppen.<\/p>\n<\/li>\n<li>\n<p class=\"p1\"><span class=\"s1\">Erleben Sie <\/span><b>privat<\/b><span class=\"s1\">ideal f\u00fcr eine <\/span><b>private Bootstour Cinque Terre<\/b><span class=\"s1\">.<\/span><\/p>\n<\/li>\n<li>\n<p class=\"p1\">Toilettenstopps an den besten Stellen, intelligentes Timing, das die Geschichte des Gebiets erz\u00e4hlt.<\/p>\n<\/li>\n<\/ul>\n<p class=\"p1\">\n<h2><b>Portofino Richtung<\/b><\/h2>\n<p>&nbsp;<\/p>\n<p class=\"p3\">Der Quantensprung besteht darin, weiterhin <span class=\"s2\"><b>Portofino<\/b><\/span>mehr K\u00fcstenlinie, mehr Buchten, mehr \"Wow\".<\/p>\n<p class=\"p3\"><span class=\"s2\"><b>Typische Route<\/b><\/span>Portovenere \u2192 H\u00f6hepunkte der Cinque Terre (<span class=\"s2\"><b>Kirche St. Peter<\/b><\/span>, <span class=\"s2\"><b>Byron-H\u00f6hle<\/b><\/span>, <span class=\"s2\"><b>Red Rocks<\/b><\/span>, <span class=\"s2\"><b>Punta Persico<\/b><\/span> mit Toilettenstopp, <span class=\"s2\"><b>Monesterole<\/b><\/span>, <span class=\"s2\"><b>Punta Pineda<\/b><\/span>, Wasserfall \"<span class=\"s2\"><b>Der Schilfhain<\/b><\/span>\"D\u00f6rfer der Cinque Terre\") \u2192 K\u00fcste in Richtung <span class=\"s2\"><b>Punta Chiappa<\/b><\/span> \u2192 <span class=\"s2\"><b>San Fruttuoso<\/b><\/span> (Zwischenstopp\/Abschied) \u2192. <span class=\"s2\"><b>Paraggi<\/b><\/span> \u2192 <span class=\"s2\"><b>Portofino<\/b><\/span> (freie Zeit auf der Piazzetta) \u2192 R\u00fcckkehr bei Sonnenuntergang.<\/p>\n<p class=\"p3\">Mit den Schnellbooten gelangen Sie nach <span class=\"s2\"><b>Portofino in ~2 Stunden<\/b><\/span>. Auf dem R\u00fcckweg, perfektes Licht von <span class=\"s2\"><b>Bootsfahrt bei Sonnenuntergang Cinque Terre<\/b><\/span>. Die gesamte Tour dauert etwa 8-10 Stunden<\/p>\n<p class=\"p1\">\n<h2><b>Alternativ: Cinque Terre<\/b><\/h2>\n<p>&nbsp;<\/p>\n<p class=\"p3\">M\u00f6chten Sie etwas K\u00fcrzeres? <span class=\"s2\"><b>Cinque Terre Bootsausflug von Portovenere aus<\/b><\/span>zwei Toilettenstopps, landschaftlich reizvolle Passagen und ein Halt bei <span class=\"s2\"><b>Monterosso<\/b><\/span>. Es ist die <span class=\"s2\"><b>Bootsfahrt von Portovenere<\/b><\/span> vollst\u00e4ndiger, wenn Sie ein paar Stunden Zeit haben. Dauer 6 bis 8 Stunden<\/p>","protected":false},"excerpt":{"rendered":"<p>Tour in barca Cinque Terre &amp; Portofino da Portovenere Vuoi vedere davvero la costa di Portovenere e delle Cinque Terre? [&hellip;]<\/p>\n","protected":false},"featured_media":7028,"comment_status":"open","ping_status":"closed","template":"","meta":{"_acf_changed":false,"site-sidebar-layout":"default","site-content-layout":"","ast-site-content-layout":"default","site-content-style":"default","site-sidebar-style":"default","ast-global-header-display":"","ast-banner-title-visibility":"","ast-main-header-display":"","ast-hfb-above-header-display":"","ast-hfb-below-header-display":"","ast-hfb-mobile-header-display":"","site-post-title":"","ast-breadcrumbs-content":"","ast-featured-img":"","footer-sml-layout":"","theme-transparent-header-meta":"default","adv-header-id-meta":"","stick-header-meta":"","header-above-stick-meta":"","header-main-stick-meta":"","header-below-stick-meta":"","astra-migrate-meta-layouts":"set","ast-page-background-enabled":"default","ast-page-background-meta":{"desktop":{"background-color":"var(--ast-global-color-5)","background-image":"","background-repeat":"repeat","background-position":"center center","background-size":"auto","background-attachment":"scroll","background-type":"","background-media":"","overlay-type":"","overlay-color":"","overlay-opacity":"","overlay-gradient":""},"tablet":{"background-color":"","background-image":"","background-repeat":"repeat","background-position":"center center","background-size":"auto","background-attachment":"scroll","background-type":"","background-media":"","overlay-type":"","overlay-color":"","overlay-opacity":"","overlay-gradient":""},"mobile":{"background-color":"","background-image":"","background-repeat":"repeat","background-position":"center center","background-size":"auto","background-attachment":"scroll","background-type":"","background-media":"","overlay-type":"","overlay-color":"","overlay-opacity":"","overlay-gradient":""}},"ast-content-background-meta":{"desktop":{"background-color":"var(--ast-global-color-4)","background-image":"","background-repeat":"repeat","background-position":"center center","background-size":"auto","background-attachment":"scroll","background-type":"","background-media":"","overlay-type":"","overlay-color":"","overlay-opacity":"","overlay-gradient":""},"tablet":{"background-color":"var(--ast-global-color-4)","background-image":"","background-repeat":"repeat","background-position":"center center","background-size":"auto","background-attachment":"scroll","background-type":"","background-media":"","overlay-type":"","overlay-color":"","overlay-opacity":"","overlay-gradient":""},"mobile":{"background-color":"var(--ast-global-color-4)","background-image":"","background-repeat":"repeat","background-position":"center center","background-size":"auto","background-attachment":"scroll","background-type":"","background-media":"","overlay-type":"","overlay-color":"","overlay-opacity":"","overlay-gradient":""}}},"product_brand":[],"product_cat":[55],"product_tag":[],"class_list":{"0":"post-6999","1":"product","2":"type-product","3":"status-publish","4":"has-post-thumbnail","6":"product_cat-esplora-il-mare","7":"desktop-align-left","8":"tablet-align-left","9":"mobile-align-left","11":"first","12":"instock","13":"shipping-taxable","14":"product-type-simple"},"acf":[],"_links":{"self":[{"href":"https:\/\/capitolare.com\/de\/wp-json\/wp\/v2\/product\/6999","targetHints":{"allow":["GET"]}}],"collection":[{"href":"https:\/\/capitolare.com\/de\/wp-json\/wp\/v2\/product"}],"about":[{"href":"https:\/\/capitolare.com\/de\/wp-json\/wp\/v2\/types\/product"}],"replies":[{"embeddable":true,"href":"https:\/\/capitolare.com\/de\/wp-json\/wp\/v2\/comments?post=6999"}],"wp:featuredmedia":[{"embeddable":true,"href":"https:\/\/capitolare.com\/de\/wp-json\/wp\/v2\/media\/7028"}],"wp:attachment":[{"href":"https:\/\/capitolare.com\/de\/wp-json\/wp\/v2\/media?parent=6999"}],"wp:term":[{"taxonomy":"product_brand","embeddable":true,"href":"https:\/\/capitolare.com\/de\/wp-json\/wp\/v2\/product_brand?post=6999"},{"taxonomy":"product_cat","embeddable":true,"href":"https:\/\/capitolare.com\/de\/wp-json\/wp\/v2\/product_cat?post=6999"},{"taxonomy":"product_tag","embeddable":true,"href":"https:\/\/capitolare.com\/de\/wp-json\/wp\/v2\/product_tag?post=6999"}],"curies":[{"name":"wp","href":"https:\/\/api.w.org\/{rel}","templated":true}]}}