{"id":8509,"date":"2025-08-14T15:01:12","date_gmt":"2025-08-14T15:01:12","guid":{"rendered":"https:\/\/capitolare.com\/?post_type=product&#038;p=8509"},"modified":"2025-08-14T15:04:07","modified_gmt":"2025-08-14T15:04:07","slug":"transfers-zum-und-vom-kapitelturm","status":"publish","type":"product","link":"https:\/\/capitolare.com\/de\/attivita\/transfer-da-e-per-la-torre-capitolare\/","title":{"rendered":"Transfer zum und vom Turm Capitolare"},"content":{"rendered":"<p class=\"p1\">Entdecken Sie unser exklusives <span class=\"s1\"><b>\u00dcbertragung Portovenere<\/b><\/span> von und nach Capitolare Tower. Wir bieten private NCC mit einem Luxusauto und einem professionellen Fahrer, um eine komfortable und stressfreie Reise zu gew\u00e4hrleisten. Wir holen Sie ab oder bringen Sie zu jedem Flughafen, Hafen oder Bahnhof in Italien, einschlie\u00dflich Pisa, Florenz, Genua, Rom und Mailand. Genie\u00dfen Sie einen pers\u00f6nlichen Empfang und einen direkten Transfer zu unserem Turm am Meer, wo Sie Ihren Aufenthalt bequem beginnen oder beenden k\u00f6nnen.<\/p>","protected":false},"excerpt":{"rendered":"<p class=\"p1\"><b>Portovenere NCC Transfers von und nach ganz Italien<\/b><\/p>","protected":false},"featured_media":8512,"comment_status":"open","ping_status":"closed","template":"","meta":{"_acf_changed":false,"site-sidebar-layout":"default","site-content-layout":"","ast-site-content-layout":"default","site-content-style":"default","site-sidebar-style":"default","ast-global-header-display":"","ast-banner-title-visibility":"","ast-main-header-display":"","ast-hfb-above-header-display":"","ast-hfb-below-header-display":"","ast-hfb-mobile-header-display":"","site-post-title":"","ast-breadcrumbs-content":"","ast-featured-img":"","footer-sml-layout":"","theme-transparent-header-meta":"default","adv-header-id-meta":"","stick-header-meta":"","header-above-stick-meta":"","header-main-stick-meta":"","header-below-stick-meta":"","astra-migrate-meta-layouts":"set","ast-page-background-enabled":"default","ast-page-background-meta":{"desktop":{"background-color":"var(--ast-global-color-5)","background-image":"","background-repeat":"repeat","background-position":"center center","background-size":"auto","background-attachment":"scroll","background-type":"","background-media":"","overlay-type":"","overlay-color":"","overlay-opacity":"","overlay-gradient":""},"tablet":{"background-color":"","background-image":"","background-repeat":"repeat","background-position":"center center","background-size":"auto","background-attachment":"scroll","background-type":"","background-media":"","overlay-type":"","overlay-color":"","overlay-opacity":"","overlay-gradient":""},"mobile":{"background-color":"","background-image":"","background-repeat":"repeat","background-position":"center center","background-size":"auto","background-attachment":"scroll","background-type":"","background-media":"","overlay-type":"","overlay-color":"","overlay-opacity":"","overlay-gradient":""}},"ast-content-background-meta":{"desktop":{"background-color":"var(--ast-global-color-4)","background-image":"","background-repeat":"repeat","background-position":"center center","background-size":"auto","background-attachment":"scroll","background-type":"","background-media":"","overlay-type":"","overlay-color":"","overlay-opacity":"","overlay-gradient":""},"tablet":{"background-color":"var(--ast-global-color-4)","background-image":"","background-repeat":"repeat","background-position":"center center","background-size":"auto","background-attachment":"scroll","background-type":"","background-media":"","overlay-type":"","overlay-color":"","overlay-opacity":"","overlay-gradient":""},"mobile":{"background-color":"var(--ast-global-color-4)","background-image":"","background-repeat":"repeat","background-position":"center center","background-size":"auto","background-attachment":"scroll","background-type":"","background-media":"","overlay-type":"","overlay-color":"","overlay-opacity":"","overlay-gradient":""}}},"product_brand":[],"product_cat":[56],"product_tag":[],"class_list":{"0":"post-8509","1":"product","2":"type-product","3":"status-publish","4":"has-post-thumbnail","6":"product_cat-esplora-lentroterra-e-il-cibo","7":"desktop-align-left","8":"tablet-align-left","9":"mobile-align-left","11":"first","12":"instock","13":"shipping-taxable","14":"product-type-simple"},"acf":[],"_links":{"self":[{"href":"https:\/\/capitolare.com\/de\/wp-json\/wp\/v2\/product\/8509","targetHints":{"allow":["GET"]}}],"collection":[{"href":"https:\/\/capitolare.com\/de\/wp-json\/wp\/v2\/product"}],"about":[{"href":"https:\/\/capitolare.com\/de\/wp-json\/wp\/v2\/types\/product"}],"replies":[{"embeddable":true,"href":"https:\/\/capitolare.com\/de\/wp-json\/wp\/v2\/comments?post=8509"}],"wp:featuredmedia":[{"embeddable":true,"href":"https:\/\/capitolare.com\/de\/wp-json\/wp\/v2\/media\/8512"}],"wp:attachment":[{"href":"https:\/\/capitolare.com\/de\/wp-json\/wp\/v2\/media?parent=8509"}],"wp:term":[{"taxonomy":"product_brand","embeddable":true,"href":"https:\/\/capitolare.com\/de\/wp-json\/wp\/v2\/product_brand?post=8509"},{"taxonomy":"product_cat","embeddable":true,"href":"https:\/\/capitolare.com\/de\/wp-json\/wp\/v2\/product_cat?post=8509"},{"taxonomy":"product_tag","embeddable":true,"href":"https:\/\/capitolare.com\/de\/wp-json\/wp\/v2\/product_tag?post=8509"}],"curies":[{"name":"wp","href":"https:\/\/api.w.org\/{rel}","templated":true}]}}