{"id":8570,"date":"2025-12-08T12:35:16","date_gmt":"2025-12-08T12:35:16","guid":{"rendered":"https:\/\/capitolare.com\/?post_type=product&#038;p=8570"},"modified":"2026-05-02T16:20:50","modified_gmt":"2026-05-02T15:20:50","slug":"luxusstrand","status":"publish","type":"product","link":"https:\/\/capitolare.com\/de\/attivita\/spiaggia-lusso\/","title":{"rendered":"Luxuri\u00f6ser Strand in Portovenere"},"content":{"rendered":"<p class=\"p1\">Eine Oase der Entspannung und des Charmes an der ligurischen K\u00fcste: Strand mit Sonnenliegen und Liegest\u00fchlen in einer au\u00dfergew\u00f6hnlichen nat\u00fcrlichen Umgebung. Klares Wasser, Blick auf den Golf, Komfort bis ins kleinste Detail. Private Kabinen mit warmen Duschen, reservierte Parkpl\u00e4tze f\u00fcr G\u00e4ste, Wi-Fi, haustierfreundlicher Zugang: Hier finden auch Reisende mit Haustieren Gastfreundschaft.<\/p>\n<p class=\"p1\">Der Strand wird erg\u00e4nzt durch einen Swimmingpool mit Panoramablick, einen Lounge-Bereich und eine Bar\/Restaurant mit Meerblick, wo Sie mediterrane K\u00fcche mit Bezug zur Region genie\u00dfen k\u00f6nnen: von einem leichten Snack bis zu einem Aperitif bei Sonnenuntergang. Eine ruhige, aber raffinierte Atmosph\u00e4re - ideal f\u00fcr Paare, Familien oder kleine Gruppen, die einen unbeschwerten Tag am Strand verbringen m\u00f6chten.<\/p>\n<p class=\"p1\">Alles ist auf ein entspanntes und gepflegtes Erlebnis ausgerichtet: W\u00e4hlen Sie Ihren Platz, lehnen Sie sich zur\u00fcck und lassen Sie das Personal den Rest erledigen. Ideal gelegen in der N\u00e4he eines typisch ligurischen Dorfzentrums, ist es eine ausgewogene Mischung aus Meer, Komfort und Stil.<\/p>","protected":false},"excerpt":{"rendered":"<p>Un\u2019oasi di relax e charme sulla costa ligure: spiaggia attrezzata con lettini e day-bed immersi in un contesto naturale straordinario. [&hellip;]<\/p>\n","protected":false},"featured_media":8571,"comment_status":"open","ping_status":"closed","template":"","meta":{"_acf_changed":false,"site-sidebar-layout":"default","site-content-layout":"","ast-site-content-layout":"default","site-content-style":"default","site-sidebar-style":"default","ast-global-header-display":"","ast-banner-title-visibility":"","ast-main-header-display":"","ast-hfb-above-header-display":"","ast-hfb-below-header-display":"","ast-hfb-mobile-header-display":"","site-post-title":"","ast-breadcrumbs-content":"","ast-featured-img":"","footer-sml-layout":"","theme-transparent-header-meta":"default","adv-header-id-meta":"","stick-header-meta":"","header-above-stick-meta":"","header-main-stick-meta":"","header-below-stick-meta":"","astra-migrate-meta-layouts":"set","ast-page-background-enabled":"default","ast-page-background-meta":{"desktop":{"background-color":"var(--ast-global-color-5)","background-image":"","background-repeat":"repeat","background-position":"center center","background-size":"auto","background-attachment":"scroll","background-type":"","background-media":"","overlay-type":"","overlay-color":"","overlay-opacity":"","overlay-gradient":""},"tablet":{"background-color":"","background-image":"","background-repeat":"repeat","background-position":"center center","background-size":"auto","background-attachment":"scroll","background-type":"","background-media":"","overlay-type":"","overlay-color":"","overlay-opacity":"","overlay-gradient":""},"mobile":{"background-color":"","background-image":"","background-repeat":"repeat","background-position":"center center","background-size":"auto","background-attachment":"scroll","background-type":"","background-media":"","overlay-type":"","overlay-color":"","overlay-opacity":"","overlay-gradient":""}},"ast-content-background-meta":{"desktop":{"background-color":"var(--ast-global-color-4)","background-image":"","background-repeat":"repeat","background-position":"center center","background-size":"auto","background-attachment":"scroll","background-type":"","background-media":"","overlay-type":"","overlay-color":"","overlay-opacity":"","overlay-gradient":""},"tablet":{"background-color":"var(--ast-global-color-4)","background-image":"","background-repeat":"repeat","background-position":"center center","background-size":"auto","background-attachment":"scroll","background-type":"","background-media":"","overlay-type":"","overlay-color":"","overlay-opacity":"","overlay-gradient":""},"mobile":{"background-color":"var(--ast-global-color-4)","background-image":"","background-repeat":"repeat","background-position":"center center","background-size":"auto","background-attachment":"scroll","background-type":"","background-media":"","overlay-type":"","overlay-color":"","overlay-opacity":"","overlay-gradient":""}}},"product_brand":[],"product_cat":[55],"product_tag":[],"class_list":{"0":"post-8570","1":"product","2":"type-product","3":"status-publish","4":"has-post-thumbnail","6":"product_cat-esplora-il-mare","7":"desktop-align-left","8":"tablet-align-left","9":"mobile-align-left","11":"first","12":"instock","13":"shipping-taxable","14":"product-type-simple"},"acf":[],"_links":{"self":[{"href":"https:\/\/capitolare.com\/de\/wp-json\/wp\/v2\/product\/8570","targetHints":{"allow":["GET"]}}],"collection":[{"href":"https:\/\/capitolare.com\/de\/wp-json\/wp\/v2\/product"}],"about":[{"href":"https:\/\/capitolare.com\/de\/wp-json\/wp\/v2\/types\/product"}],"replies":[{"embeddable":true,"href":"https:\/\/capitolare.com\/de\/wp-json\/wp\/v2\/comments?post=8570"}],"wp:featuredmedia":[{"embeddable":true,"href":"https:\/\/capitolare.com\/de\/wp-json\/wp\/v2\/media\/8571"}],"wp:attachment":[{"href":"https:\/\/capitolare.com\/de\/wp-json\/wp\/v2\/media?parent=8570"}],"wp:term":[{"taxonomy":"product_brand","embeddable":true,"href":"https:\/\/capitolare.com\/de\/wp-json\/wp\/v2\/product_brand?post=8570"},{"taxonomy":"product_cat","embeddable":true,"href":"https:\/\/capitolare.com\/de\/wp-json\/wp\/v2\/product_cat?post=8570"},{"taxonomy":"product_tag","embeddable":true,"href":"https:\/\/capitolare.com\/de\/wp-json\/wp\/v2\/product_tag?post=8570"}],"curies":[{"name":"wp","href":"https:\/\/api.w.org\/{rel}","templated":true}]}}