{"id":4113,"date":"2025-02-28T11:44:50","date_gmt":"2025-02-28T11:44:50","guid":{"rendered":"https:\/\/demo.capitolare.com\/?post_type=product&#038;p=4113"},"modified":"2026-01-05T15:40:15","modified_gmt":"2026-01-05T14:40:15","slug":"le-diner-le-plus-exclusif-ditalie","status":"publish","type":"product","link":"https:\/\/capitolare.com\/fr\/attivita\/la-cena-piu-esclusiva-ditalia\/","title":{"rendered":"Le d\u00eener le plus exclusif d'Italie"},"content":{"rendered":"<p>Bienvenue au \"d\u00eener le plus exclusif d'Italie\", o\u00f9 le repas se transforme en une aventure romantique sous les \u00e9toiles. Ce n'est pas seulement un d\u00eener : c'est un voyage culinaire taill\u00e9 sur mesure pour vous, dans une retraite priv\u00e9e \u00e9clair\u00e9e aux chandelles.<\/p>\n<p>Nos chefs, experts en traditions ligures, vous serviront un menu unique compos\u00e9 d'ingr\u00e9dients frais et locaux. Chaque plat est une c\u00e9l\u00e9bration de l'h\u00e9ritage de la r\u00e9gion, r\u00e9interpr\u00e9t\u00e9 avec une touche de modernit\u00e9 pour les palais contemporains.<\/p>\n<p>Vivez la magie d'un d\u00eener o\u00f9 l'atmosph\u00e8re rencontre la haute cuisine. Attendez-vous \u00e0 un voyage \u00e0 travers les saveurs ligures, o\u00f9 chaque bouch\u00e9e devient un souvenir ind\u00e9l\u00e9bile. Rejoignez-nous pour une soir\u00e9e inoubliable de romance et d'excellente gastronomie.<\/p>","protected":false},"excerpt":{"rendered":"<p>Benvenuti alla \u201cCena pi\u00f9 esclusiva d&#8217;Italia\u201d, dove il pasto si trasforma in un\u2019avventura romantica sotto le stelle. Non \u00e8 solo [&hellip;]<\/p>\n","protected":false},"featured_media":5329,"comment_status":"open","ping_status":"closed","template":"","meta":{"_acf_changed":false,"site-sidebar-layout":"default","site-content-layout":"","ast-site-content-layout":"default","site-content-style":"default","site-sidebar-style":"default","ast-global-header-display":"","ast-banner-title-visibility":"","ast-main-header-display":"","ast-hfb-above-header-display":"","ast-hfb-below-header-display":"","ast-hfb-mobile-header-display":"","site-post-title":"","ast-breadcrumbs-content":"","ast-featured-img":"","footer-sml-layout":"","theme-transparent-header-meta":"default","adv-header-id-meta":"","stick-header-meta":"","header-above-stick-meta":"","header-main-stick-meta":"","header-below-stick-meta":"","astra-migrate-meta-layouts":"set","ast-page-background-enabled":"default","ast-page-background-meta":{"desktop":{"background-color":"var(--ast-global-color-5)","background-image":"","background-repeat":"repeat","background-position":"center center","background-size":"auto","background-attachment":"scroll","background-type":"","background-media":"","overlay-type":"","overlay-color":"","overlay-opacity":"","overlay-gradient":""},"tablet":{"background-color":"","background-image":"","background-repeat":"repeat","background-position":"center center","background-size":"auto","background-attachment":"scroll","background-type":"","background-media":"","overlay-type":"","overlay-color":"","overlay-opacity":"","overlay-gradient":""},"mobile":{"background-color":"","background-image":"","background-repeat":"repeat","background-position":"center center","background-size":"auto","background-attachment":"scroll","background-type":"","background-media":"","overlay-type":"","overlay-color":"","overlay-opacity":"","overlay-gradient":""}},"ast-content-background-meta":{"desktop":{"background-color":"var(--ast-global-color-4)","background-image":"","background-repeat":"repeat","background-position":"center center","background-size":"auto","background-attachment":"scroll","background-type":"","background-media":"","overlay-type":"","overlay-color":"","overlay-opacity":"","overlay-gradient":""},"tablet":{"background-color":"var(--ast-global-color-4)","background-image":"","background-repeat":"repeat","background-position":"center center","background-size":"auto","background-attachment":"scroll","background-type":"","background-media":"","overlay-type":"","overlay-color":"","overlay-opacity":"","overlay-gradient":""},"mobile":{"background-color":"var(--ast-global-color-4)","background-image":"","background-repeat":"repeat","background-position":"center center","background-size":"auto","background-attachment":"scroll","background-type":"","background-media":"","overlay-type":"","overlay-color":"","overlay-opacity":"","overlay-gradient":""}}},"product_brand":[],"product_cat":[56],"product_tag":[],"class_list":{"0":"post-4113","1":"product","2":"type-product","3":"status-publish","4":"has-post-thumbnail","6":"product_cat-esplora-lentroterra-e-il-cibo","7":"desktop-align-left","8":"tablet-align-left","9":"mobile-align-left","11":"first","12":"instock","13":"shipping-taxable","14":"product-type-simple"},"acf":[],"_links":{"self":[{"href":"https:\/\/capitolare.com\/fr\/wp-json\/wp\/v2\/product\/4113","targetHints":{"allow":["GET"]}}],"collection":[{"href":"https:\/\/capitolare.com\/fr\/wp-json\/wp\/v2\/product"}],"about":[{"href":"https:\/\/capitolare.com\/fr\/wp-json\/wp\/v2\/types\/product"}],"replies":[{"embeddable":true,"href":"https:\/\/capitolare.com\/fr\/wp-json\/wp\/v2\/comments?post=4113"}],"wp:featuredmedia":[{"embeddable":true,"href":"https:\/\/capitolare.com\/fr\/wp-json\/wp\/v2\/media\/5329"}],"wp:attachment":[{"href":"https:\/\/capitolare.com\/fr\/wp-json\/wp\/v2\/media?parent=4113"}],"wp:term":[{"taxonomy":"product_brand","embeddable":true,"href":"https:\/\/capitolare.com\/fr\/wp-json\/wp\/v2\/product_brand?post=4113"},{"taxonomy":"product_cat","embeddable":true,"href":"https:\/\/capitolare.com\/fr\/wp-json\/wp\/v2\/product_cat?post=4113"},{"taxonomy":"product_tag","embeddable":true,"href":"https:\/\/capitolare.com\/fr\/wp-json\/wp\/v2\/product_tag?post=4113"}],"curies":[{"name":"wp","href":"https:\/\/api.w.org\/{rel}","templated":true}]}}