{"id":4114,"date":"2025-02-28T11:49:40","date_gmt":"2025-02-28T11:49:40","guid":{"rendered":"https:\/\/demo.capitolare.com\/?post_type=product&#038;p=4114"},"modified":"2025-08-13T09:48:31","modified_gmt":"2025-08-13T09:48:31","slug":"coucher-de-soleil","status":"publish","type":"product","link":"https:\/\/capitolare.com\/fr\/attivita\/sunset\/","title":{"rendered":"Excursion priv\u00e9e au coucher du soleil \u00e0 Portovenere"},"content":{"rendered":"<p><span class=\"fontstyle0\">Quoi de plus romantique qu'un beau coucher de soleil en bord de mer ?\u00a0<\/span><\/p>\n<p class=\"p1\">D\u00e9couvrez le coucher de soleil le plus \u00e9vocateur du Golfo dei Poeti. D\u00e9part en fin d'apr\u00e8s-midi de Portovenere, en passant devant l'\u00e9glise de San Pietro, la grotte Byron et les falaises rouges illumin\u00e9es par la lumi\u00e8re dor\u00e9e. \u00c0 bord, un ap\u00e9ritif avec bulles et amuse-gueule accompagne la navigation vers Palmaria, Tino et Tinetto, avec un arr\u00eat pour une baignade au coucher du soleil. Ambiance intime, bateaux de 6 \u00e0 10 m avec skipper local. Dur\u00e9e d'environ 2 heures. Exp\u00e9rience priv\u00e9e ou semi-priv\u00e9e, places limit\u00e9es.<\/p>\n<p>Nous proposons plusieurs options avec des ap\u00e9ritifs l\u00e9gers ou plus \u00e9labor\u00e9s et diff\u00e9rentes options de vin.<\/p>\n<p>Contactez-nous pour d\u00e9terminer la meilleure option pour vous<\/p>","protected":false},"excerpt":{"rendered":"<p>Cosa c\u2019\u00e8 di pi\u00f9 romantico che un bel tour al tramonto sul mare?\u00a0 Vivi il tramonto pi\u00f9 suggestivo del Golfo [&hellip;]<\/p>\n","protected":false},"featured_media":8505,"comment_status":"open","ping_status":"closed","template":"","meta":{"_acf_changed":false,"site-sidebar-layout":"default","site-content-layout":"","ast-site-content-layout":"default","site-content-style":"default","site-sidebar-style":"default","ast-global-header-display":"","ast-banner-title-visibility":"","ast-main-header-display":"","ast-hfb-above-header-display":"","ast-hfb-below-header-display":"","ast-hfb-mobile-header-display":"","site-post-title":"","ast-breadcrumbs-content":"","ast-featured-img":"","footer-sml-layout":"","theme-transparent-header-meta":"default","adv-header-id-meta":"","stick-header-meta":"","header-above-stick-meta":"","header-main-stick-meta":"","header-below-stick-meta":"","astra-migrate-meta-layouts":"set","ast-page-background-enabled":"default","ast-page-background-meta":{"desktop":{"background-color":"var(--ast-global-color-5)","background-image":"","background-repeat":"repeat","background-position":"center center","background-size":"auto","background-attachment":"scroll","background-type":"","background-media":"","overlay-type":"","overlay-color":"","overlay-opacity":"","overlay-gradient":""},"tablet":{"background-color":"","background-image":"","background-repeat":"repeat","background-position":"center center","background-size":"auto","background-attachment":"scroll","background-type":"","background-media":"","overlay-type":"","overlay-color":"","overlay-opacity":"","overlay-gradient":""},"mobile":{"background-color":"","background-image":"","background-repeat":"repeat","background-position":"center center","background-size":"auto","background-attachment":"scroll","background-type":"","background-media":"","overlay-type":"","overlay-color":"","overlay-opacity":"","overlay-gradient":""}},"ast-content-background-meta":{"desktop":{"background-color":"var(--ast-global-color-4)","background-image":"","background-repeat":"repeat","background-position":"center center","background-size":"auto","background-attachment":"scroll","background-type":"","background-media":"","overlay-type":"","overlay-color":"","overlay-opacity":"","overlay-gradient":""},"tablet":{"background-color":"var(--ast-global-color-4)","background-image":"","background-repeat":"repeat","background-position":"center center","background-size":"auto","background-attachment":"scroll","background-type":"","background-media":"","overlay-type":"","overlay-color":"","overlay-opacity":"","overlay-gradient":""},"mobile":{"background-color":"var(--ast-global-color-4)","background-image":"","background-repeat":"repeat","background-position":"center center","background-size":"auto","background-attachment":"scroll","background-type":"","background-media":"","overlay-type":"","overlay-color":"","overlay-opacity":"","overlay-gradient":""}}},"product_brand":[],"product_cat":[55],"product_tag":[],"class_list":{"0":"post-4114","1":"product","2":"type-product","3":"status-publish","4":"has-post-thumbnail","6":"product_cat-esplora-il-mare","7":"desktop-align-left","8":"tablet-align-left","9":"mobile-align-left","11":"first","12":"instock","13":"shipping-taxable","14":"product-type-simple"},"acf":[],"_links":{"self":[{"href":"https:\/\/capitolare.com\/fr\/wp-json\/wp\/v2\/product\/4114","targetHints":{"allow":["GET"]}}],"collection":[{"href":"https:\/\/capitolare.com\/fr\/wp-json\/wp\/v2\/product"}],"about":[{"href":"https:\/\/capitolare.com\/fr\/wp-json\/wp\/v2\/types\/product"}],"replies":[{"embeddable":true,"href":"https:\/\/capitolare.com\/fr\/wp-json\/wp\/v2\/comments?post=4114"}],"wp:featuredmedia":[{"embeddable":true,"href":"https:\/\/capitolare.com\/fr\/wp-json\/wp\/v2\/media\/8505"}],"wp:attachment":[{"href":"https:\/\/capitolare.com\/fr\/wp-json\/wp\/v2\/media?parent=4114"}],"wp:term":[{"taxonomy":"product_brand","embeddable":true,"href":"https:\/\/capitolare.com\/fr\/wp-json\/wp\/v2\/product_brand?post=4114"},{"taxonomy":"product_cat","embeddable":true,"href":"https:\/\/capitolare.com\/fr\/wp-json\/wp\/v2\/product_cat?post=4114"},{"taxonomy":"product_tag","embeddable":true,"href":"https:\/\/capitolare.com\/fr\/wp-json\/wp\/v2\/product_tag?post=4114"}],"curies":[{"name":"wp","href":"https:\/\/api.w.org\/{rel}","templated":true}]}}