{"id":6999,"date":"2025-06-03T08:32:46","date_gmt":"2025-06-03T08:32:46","guid":{"rendered":"https:\/\/capitolare.com\/?post_type=product&#038;p=6999"},"modified":"2025-08-13T08:58:56","modified_gmt":"2025-08-13T08:58:56","slug":"excursion-en-bateau-dans-les-cinq-terres","status":"publish","type":"product","link":"https:\/\/capitolare.com\/fr\/attivita\/tour-delle-cinque-terre-in-barca\/","title":{"rendered":"Excursions en bateau vers les Cinque Terre et Portofino au d\u00e9part de Portovenere"},"content":{"rendered":"<h1>Excursion en bateau des Cinque Terre et de Portofino au d\u00e9part de Portovenere<\/h1>\n<p class=\"p3\">Vous voulez vraiment voir la c\u00f4te de Portovenere et des Cinque Terre ? Faites-le depuis la mer. Nous sommes parmi les rares bateaux autoris\u00e9s \u00e0 naviguer dans l'aire marine prot\u00e9g\u00e9e : pas de foule, des criques tranquilles, des coins et des recoins qui ne peuvent \u00eatre visit\u00e9s depuis la terre. C'est la <span class=\"s2\"><b>excursions en bateau dans les Cinque Terre<\/b><\/span> comme il se doit.<\/p>\n<p class=\"p1\">\n<h2><b>Nous proposons<\/b><\/h2>\n<ul>\n<li>\n<p class=\"p1\"><span class=\"s1\"><b>Skippers locaux<\/b><\/span> qui parlent anglais et <span class=\"s1\"><b>bateaux autoris\u00e9s \u00e0 p\u00e9n\u00e9trer dans les parcs des Cinque Terre et de Portofino<\/b><\/span> (6-12 m) : confortable, s\u00fbr, parfait pour les couples ou les petits groupes.<\/p>\n<\/li>\n<li>\n<p class=\"p1\"><span class=\"s1\">Exp\u00e9rience <\/span><b>priv\u00e9<\/b><span class=\"s1\">id\u00e9al pour une <\/span><b>Excursion en bateau priv\u00e9 dans les Cinque Terre<\/b><span class=\"s1\">.<\/span><\/p>\n<\/li>\n<li>\n<p class=\"p1\">Les salles de bain s'arr\u00eatent aux meilleurs endroits, le timing est intelligent, l'histoire du territoire est racont\u00e9e.<\/p>\n<\/li>\n<\/ul>\n<p class=\"p1\">\n<h2><b>Portofino Direction<\/b><\/h2>\n<p>&nbsp;<\/p>\n<p class=\"p3\">Le saut quantique consiste \u00e0 continuer \u00e0 <span class=\"s2\"><b>Portofino<\/b><\/span>plus de littoral, plus de baies, plus de \"wow\".<\/p>\n<p class=\"p3\"><span class=\"s2\"><b>Itin\u00e9raire type<\/b><\/span>Portovenere \u2192 les points forts des Cinque Terre (<span class=\"s2\"><b>\u00c9glise Saint-Pierre<\/b><\/span>, <span class=\"s2\"><b>Grotte de Byron<\/b><\/span>, <span class=\"s2\"><b>Red Rocks<\/b><\/span>, <span class=\"s2\"><b>Punta Persico<\/b><\/span> avec arr\u00eat de la salle de bain, <span class=\"s2\"><b>Monest\u00e9rols<\/b><\/span>, <span class=\"s2\"><b>Punta Pineda<\/b><\/span>, chute d'eau \"<span class=\"s2\"><b>Le bosquet de roseaux<\/b><\/span>\"villages des Cinque Terre) \u2192 c\u00f4te en direction de <span class=\"s2\"><b>Punta Chiappa<\/b><\/span> \u2192 <span class=\"s2\"><b>San Fruttuoso<\/b><\/span> (escale\/abbaye) \u2192 <span class=\"s2\"><b>Paraggi<\/b><\/span> \u2192 <span class=\"s2\"><b>Portofino<\/b><\/span> (temps libre sur la Piazzetta) \u2192 retour au coucher du soleil.<\/p>\n<p class=\"p3\">Avec les bateaux rapides, vous arrivez \u00e0 <span class=\"s2\"><b>Portofino en ~2 heures<\/b><\/span>. Sur le chemin du retour, la lumi\u00e8re parfaite de <span class=\"s2\"><b>Excursion en bateau au coucher du soleil Cinque Terre<\/b><\/span>. Le circuit complet dure environ 8 \u00e0 10 heures<\/p>\n<p class=\"p1\">\n<h2><b>Alternative : Cinque Terre<\/b><\/h2>\n<p>&nbsp;<\/p>\n<p class=\"p3\">Voulez-vous quelque chose de plus court ? <span class=\"s2\"><b>Excursion en bateau dans les Cinque Terre \u00e0 partir de Portovenere<\/b><\/span>deux arr\u00eats aux toilettes, des passages pittoresques et un arr\u00eat \u00e0 <span class=\"s2\"><b>Monterosso<\/b><\/span>. C'est le <span class=\"s2\"><b>Excursion en bateau \u00e0 partir de Portovenere<\/b><\/span> plus complet si vous disposez de quelques heures. Dur\u00e9e 6 \u00e0 8 heures<\/p>","protected":false},"excerpt":{"rendered":"<p>Tour in barca Cinque Terre &amp; Portofino da Portovenere Vuoi vedere davvero la costa di Portovenere e delle Cinque Terre? [&hellip;]<\/p>\n","protected":false},"featured_media":7028,"comment_status":"open","ping_status":"closed","template":"","meta":{"_acf_changed":false,"site-sidebar-layout":"default","site-content-layout":"","ast-site-content-layout":"default","site-content-style":"default","site-sidebar-style":"default","ast-global-header-display":"","ast-banner-title-visibility":"","ast-main-header-display":"","ast-hfb-above-header-display":"","ast-hfb-below-header-display":"","ast-hfb-mobile-header-display":"","site-post-title":"","ast-breadcrumbs-content":"","ast-featured-img":"","footer-sml-layout":"","theme-transparent-header-meta":"default","adv-header-id-meta":"","stick-header-meta":"","header-above-stick-meta":"","header-main-stick-meta":"","header-below-stick-meta":"","astra-migrate-meta-layouts":"set","ast-page-background-enabled":"default","ast-page-background-meta":{"desktop":{"background-color":"var(--ast-global-color-5)","background-image":"","background-repeat":"repeat","background-position":"center center","background-size":"auto","background-attachment":"scroll","background-type":"","background-media":"","overlay-type":"","overlay-color":"","overlay-opacity":"","overlay-gradient":""},"tablet":{"background-color":"","background-image":"","background-repeat":"repeat","background-position":"center center","background-size":"auto","background-attachment":"scroll","background-type":"","background-media":"","overlay-type":"","overlay-color":"","overlay-opacity":"","overlay-gradient":""},"mobile":{"background-color":"","background-image":"","background-repeat":"repeat","background-position":"center center","background-size":"auto","background-attachment":"scroll","background-type":"","background-media":"","overlay-type":"","overlay-color":"","overlay-opacity":"","overlay-gradient":""}},"ast-content-background-meta":{"desktop":{"background-color":"var(--ast-global-color-4)","background-image":"","background-repeat":"repeat","background-position":"center center","background-size":"auto","background-attachment":"scroll","background-type":"","background-media":"","overlay-type":"","overlay-color":"","overlay-opacity":"","overlay-gradient":""},"tablet":{"background-color":"var(--ast-global-color-4)","background-image":"","background-repeat":"repeat","background-position":"center center","background-size":"auto","background-attachment":"scroll","background-type":"","background-media":"","overlay-type":"","overlay-color":"","overlay-opacity":"","overlay-gradient":""},"mobile":{"background-color":"var(--ast-global-color-4)","background-image":"","background-repeat":"repeat","background-position":"center center","background-size":"auto","background-attachment":"scroll","background-type":"","background-media":"","overlay-type":"","overlay-color":"","overlay-opacity":"","overlay-gradient":""}}},"product_brand":[],"product_cat":[55],"product_tag":[],"class_list":{"0":"post-6999","1":"product","2":"type-product","3":"status-publish","4":"has-post-thumbnail","6":"product_cat-esplora-il-mare","7":"desktop-align-left","8":"tablet-align-left","9":"mobile-align-left","11":"first","12":"instock","13":"shipping-taxable","14":"product-type-simple"},"acf":[],"_links":{"self":[{"href":"https:\/\/capitolare.com\/fr\/wp-json\/wp\/v2\/product\/6999","targetHints":{"allow":["GET"]}}],"collection":[{"href":"https:\/\/capitolare.com\/fr\/wp-json\/wp\/v2\/product"}],"about":[{"href":"https:\/\/capitolare.com\/fr\/wp-json\/wp\/v2\/types\/product"}],"replies":[{"embeddable":true,"href":"https:\/\/capitolare.com\/fr\/wp-json\/wp\/v2\/comments?post=6999"}],"wp:featuredmedia":[{"embeddable":true,"href":"https:\/\/capitolare.com\/fr\/wp-json\/wp\/v2\/media\/7028"}],"wp:attachment":[{"href":"https:\/\/capitolare.com\/fr\/wp-json\/wp\/v2\/media?parent=6999"}],"wp:term":[{"taxonomy":"product_brand","embeddable":true,"href":"https:\/\/capitolare.com\/fr\/wp-json\/wp\/v2\/product_brand?post=6999"},{"taxonomy":"product_cat","embeddable":true,"href":"https:\/\/capitolare.com\/fr\/wp-json\/wp\/v2\/product_cat?post=6999"},{"taxonomy":"product_tag","embeddable":true,"href":"https:\/\/capitolare.com\/fr\/wp-json\/wp\/v2\/product_tag?post=6999"}],"curies":[{"name":"wp","href":"https:\/\/api.w.org\/{rel}","templated":true}]}}