{"id":8570,"date":"2025-12-08T12:35:16","date_gmt":"2025-12-08T12:35:16","guid":{"rendered":"https:\/\/capitolare.com\/?post_type=product&#038;p=8570"},"modified":"2026-05-02T16:20:50","modified_gmt":"2026-05-02T15:20:50","slug":"plage-de-luxe","status":"publish","type":"product","link":"https:\/\/capitolare.com\/fr\/attivita\/spiaggia-lusso\/","title":{"rendered":"Plage de luxe \u00e0 Portovenere"},"content":{"rendered":"<p class=\"p1\">Une oasis de d\u00e9tente et de charme sur la c\u00f4te ligure : plage \u00e9quip\u00e9e de chaises longues et de lits de jour dans un cadre naturel extraordinaire. Eaux claires, vue sur le golfe, confort dans les moindres d\u00e9tails. Cabines priv\u00e9es avec douches chaudes, parking r\u00e9serv\u00e9 aux h\u00f4tes, Wi-Fi, acc\u00e8s pour les animaux de compagnie : ici, m\u00eame ceux qui voyagent avec des animaux de compagnie trouveront l'hospitalit\u00e9.<\/p>\n<p class=\"p1\">La plage est compl\u00e9t\u00e9e par une piscine panoramique, un salon et un bar\/restaurant avec vue sur la mer o\u00f9 vous pourrez d\u00e9guster une cuisine m\u00e9diterran\u00e9enne li\u00e9e \u00e0 la r\u00e9gion : d'une collation l\u00e9g\u00e8re \u00e0 un ap\u00e9ritif au coucher du soleil. Une atmosph\u00e8re calme mais raffin\u00e9e, id\u00e9ale pour les couples, les familles ou les petits groupes \u00e0 la recherche d'une journ\u00e9e sans soucis \u00e0 la plage.<\/p>\n<p class=\"p1\">Tout est con\u00e7u pour une exp\u00e9rience relaxante et soign\u00e9e : choisissez votre si\u00e8ge, installez-vous confortablement et laissez le personnel s'occuper du reste. Id\u00e9alement situ\u00e9 pr\u00e8s du centre d'un village typique de Ligurie, c'est un m\u00e9lange \u00e9quilibr\u00e9 de mer, de confort et de style.<\/p>","protected":false},"excerpt":{"rendered":"<p>Un\u2019oasi di relax e charme sulla costa ligure: spiaggia attrezzata con lettini e day-bed immersi in un contesto naturale straordinario. [&hellip;]<\/p>\n","protected":false},"featured_media":8571,"comment_status":"open","ping_status":"closed","template":"","meta":{"_acf_changed":false,"site-sidebar-layout":"default","site-content-layout":"","ast-site-content-layout":"default","site-content-style":"default","site-sidebar-style":"default","ast-global-header-display":"","ast-banner-title-visibility":"","ast-main-header-display":"","ast-hfb-above-header-display":"","ast-hfb-below-header-display":"","ast-hfb-mobile-header-display":"","site-post-title":"","ast-breadcrumbs-content":"","ast-featured-img":"","footer-sml-layout":"","theme-transparent-header-meta":"default","adv-header-id-meta":"","stick-header-meta":"","header-above-stick-meta":"","header-main-stick-meta":"","header-below-stick-meta":"","astra-migrate-meta-layouts":"set","ast-page-background-enabled":"default","ast-page-background-meta":{"desktop":{"background-color":"var(--ast-global-color-5)","background-image":"","background-repeat":"repeat","background-position":"center center","background-size":"auto","background-attachment":"scroll","background-type":"","background-media":"","overlay-type":"","overlay-color":"","overlay-opacity":"","overlay-gradient":""},"tablet":{"background-color":"","background-image":"","background-repeat":"repeat","background-position":"center center","background-size":"auto","background-attachment":"scroll","background-type":"","background-media":"","overlay-type":"","overlay-color":"","overlay-opacity":"","overlay-gradient":""},"mobile":{"background-color":"","background-image":"","background-repeat":"repeat","background-position":"center center","background-size":"auto","background-attachment":"scroll","background-type":"","background-media":"","overlay-type":"","overlay-color":"","overlay-opacity":"","overlay-gradient":""}},"ast-content-background-meta":{"desktop":{"background-color":"var(--ast-global-color-4)","background-image":"","background-repeat":"repeat","background-position":"center center","background-size":"auto","background-attachment":"scroll","background-type":"","background-media":"","overlay-type":"","overlay-color":"","overlay-opacity":"","overlay-gradient":""},"tablet":{"background-color":"var(--ast-global-color-4)","background-image":"","background-repeat":"repeat","background-position":"center center","background-size":"auto","background-attachment":"scroll","background-type":"","background-media":"","overlay-type":"","overlay-color":"","overlay-opacity":"","overlay-gradient":""},"mobile":{"background-color":"var(--ast-global-color-4)","background-image":"","background-repeat":"repeat","background-position":"center center","background-size":"auto","background-attachment":"scroll","background-type":"","background-media":"","overlay-type":"","overlay-color":"","overlay-opacity":"","overlay-gradient":""}}},"product_brand":[],"product_cat":[55],"product_tag":[],"class_list":{"0":"post-8570","1":"product","2":"type-product","3":"status-publish","4":"has-post-thumbnail","6":"product_cat-esplora-il-mare","7":"desktop-align-left","8":"tablet-align-left","9":"mobile-align-left","11":"first","12":"instock","13":"shipping-taxable","14":"product-type-simple"},"acf":[],"_links":{"self":[{"href":"https:\/\/capitolare.com\/fr\/wp-json\/wp\/v2\/product\/8570","targetHints":{"allow":["GET"]}}],"collection":[{"href":"https:\/\/capitolare.com\/fr\/wp-json\/wp\/v2\/product"}],"about":[{"href":"https:\/\/capitolare.com\/fr\/wp-json\/wp\/v2\/types\/product"}],"replies":[{"embeddable":true,"href":"https:\/\/capitolare.com\/fr\/wp-json\/wp\/v2\/comments?post=8570"}],"wp:featuredmedia":[{"embeddable":true,"href":"https:\/\/capitolare.com\/fr\/wp-json\/wp\/v2\/media\/8571"}],"wp:attachment":[{"href":"https:\/\/capitolare.com\/fr\/wp-json\/wp\/v2\/media?parent=8570"}],"wp:term":[{"taxonomy":"product_brand","embeddable":true,"href":"https:\/\/capitolare.com\/fr\/wp-json\/wp\/v2\/product_brand?post=8570"},{"taxonomy":"product_cat","embeddable":true,"href":"https:\/\/capitolare.com\/fr\/wp-json\/wp\/v2\/product_cat?post=8570"},{"taxonomy":"product_tag","embeddable":true,"href":"https:\/\/capitolare.com\/fr\/wp-json\/wp\/v2\/product_tag?post=8570"}],"curies":[{"name":"wp","href":"https:\/\/api.w.org\/{rel}","templated":true}]}}